{"id":78,"date":"2024-06-09T22:36:47","date_gmt":"2024-06-09T20:36:47","guid":{"rendered":"https:\/\/petitesondes.fr\/?page_id=78"},"modified":"2024-06-09T22:46:02","modified_gmt":"2024-06-09T20:46:02","slug":"a-propos","status":"publish","type":"page","link":"https:\/\/petitesondes.fr\/index.php\/a-propos\/","title":{"rendered":"A propos"},"content":{"rendered":"\n<h2 class=\"wp-block-heading\">Plongez dans l&rsquo;Univers \u00ab\u00a0PetitesOndes\u00a0\u00bb<\/h2>\n\n\n\n<div style=\"aspect-ratio:auto;min-height:unset;\" class=\"wp-block-cover has-small-font-size has-aspect-ratio\"><span aria-hidden=\"true\" class=\"wp-block-cover__background has-theme-palette-3-background-color has-background-dim-100 has-background-dim\"><\/span><div class=\"wp-block-cover__inner-container is-layout-constrained wp-block-cover-is-layout-constrained\">\n<p class=\"has-text-align-center has-large-font-size\">Un voyage sonore sans pr\u00e9c\u00e9dent pour les jeunes esprits curieux.<\/p>\n<\/div><\/div>\n\n\n\n<blockquote class=\"wp-block-quote is-layout-flow wp-block-quote-is-layout-flow\">\n<p><em>\u00ab\u00a0L\u00e0 o\u00f9 l&rsquo;imaginaire des enfants rencontre la richesse infinie du monde.\u00a0\u00bb<\/em><\/p>\n<\/blockquote>\n\n\n\n<div class=\"wp-block-media-text has-media-on-the-right is-stacked-on-mobile\"><div class=\"wp-block-media-text__content\">\n<p>\u00c0 \u00ab\u00a0PetitesOndes\u00a0\u00bb, nous sommes convaincus que la diversit\u00e9 est le c\u0153ur battant de notre monde. Elle fa\u00e7onne non seulement nos cultures, traditions et histoires, mais aussi nos opinions, sentiments et fa\u00e7ons de voir le monde. Nous voulons que chaque enfant, d\u00e8s son plus jeune \u00e2ge, reconnaisse la valeur et la beaut\u00e9 de cette diversit\u00e9. C&rsquo;est dans cet esprit que nous avons con\u00e7u nos univers sonores.<\/p>\n<\/div><figure class=\"wp-block-media-text__media\"><img loading=\"lazy\" decoding=\"async\" width=\"1024\" height=\"585\" src=\"https:\/\/petitesondes.fr\/wp-content\/uploads\/2024\/06\/DALL\u00b7E-2024-06-09-22.45.23-Create-an-image-for-the-website-illustrating-the-following-text_-_A-PetitesOndes-nous-sommes-convaincus-que-la-diversite-est-le-coeur-battant-de-not-1024x585.webp\" alt=\"\" class=\"wp-image-82 size-full\" srcset=\"https:\/\/petitesondes.fr\/wp-content\/uploads\/2024\/06\/DALL\u00b7E-2024-06-09-22.45.23-Create-an-image-for-the-website-illustrating-the-following-text_-_A-PetitesOndes-nous-sommes-convaincus-que-la-diversite-est-le-coeur-battant-de-not-1024x585.webp 1024w, https:\/\/petitesondes.fr\/wp-content\/uploads\/2024\/06\/DALL\u00b7E-2024-06-09-22.45.23-Create-an-image-for-the-website-illustrating-the-following-text_-_A-PetitesOndes-nous-sommes-convaincus-que-la-diversite-est-le-coeur-battant-de-not-300x171.webp 300w, https:\/\/petitesondes.fr\/wp-content\/uploads\/2024\/06\/DALL\u00b7E-2024-06-09-22.45.23-Create-an-image-for-the-website-illustrating-the-following-text_-_A-PetitesOndes-nous-sommes-convaincus-que-la-diversite-est-le-coeur-battant-de-not-768x439.webp 768w, https:\/\/petitesondes.fr\/wp-content\/uploads\/2024\/06\/DALL\u00b7E-2024-06-09-22.45.23-Create-an-image-for-the-website-illustrating-the-following-text_-_A-PetitesOndes-nous-sommes-convaincus-que-la-diversite-est-le-coeur-battant-de-not-1536x878.webp 1536w, https:\/\/petitesondes.fr\/wp-content\/uploads\/2024\/06\/DALL\u00b7E-2024-06-09-22.45.23-Create-an-image-for-the-website-illustrating-the-following-text_-_A-PetitesOndes-nous-sommes-convaincus-que-la-diversite-est-le-coeur-battant-de-not.webp 1792w\" sizes=\"auto, (max-width: 1024px) 100vw, 1024px\" \/><\/figure><\/div>\n\n\n\n<div class=\"wp-block-group is-vertical is-layout-flex wp-container-core-group-is-layout-8cf370e7 wp-block-group-is-layout-flex\">\n<h2 class=\"wp-block-heading\">L&rsquo;Univers<\/h2>\n\n\n\n<blockquote class=\"wp-block-quote is-layout-flow wp-block-quote-is-layout-flow\">\n<p><em>Chaque animal, une porte vers un monde d&rsquo;histoires inexplor\u00e9es.<\/em><\/p>\n<\/blockquote>\n\n\n\n<p>Chaque univers de \u00ab\u00a0PetitesOndes\u00a0\u00bb est une invitation \u00e0 d\u00e9couvrir. Qu&rsquo;il s&rsquo;agisse de for\u00eats luxuriantes d&rsquo;Asie avec Lanxi le panda roux ou le ciel du pacifique avec Alban l&rsquo;albatros, chaque cadre sonore offre une nouvelle perspective, un nouveau contexte culturel, un nouveau mode de vie. Ces mondes immersifs sont soigneusement con\u00e7us pour captiver, \u00e9duquer et inspirer.<\/p>\n<\/div>\n\n\n\n<div class=\"wp-block-buttons is-horizontal is-content-justification-left is-layout-flex wp-container-core-buttons-is-layout-7e5fce0a wp-block-buttons-is-layout-flex\">\n<div class=\"wp-block-button\"><a class=\"wp-block-button__link wp-element-button\">En savoir plus sur les Univers&#8230;<\/a><\/div>\n<\/div>\n\n\n\n<div class=\"wp-block-group is-vertical is-layout-flex wp-container-core-group-is-layout-8cf370e7 wp-block-group-is-layout-flex\">\n<h2 class=\"wp-block-heading\">Les Sujets<\/h2>\n\n\n\n<blockquote class=\"wp-block-quote is-layout-flow wp-block-quote-is-layout-flow\">\n<p><em><em>Un th\u00e8me, mille perspectives. La magie de voir le monde \u00e0 travers des yeux diff\u00e9rents.<\/em><\/em><\/p>\n<\/blockquote>\n\n\n\n<p>Au c\u0153ur de chaque univers, des th\u00e8mes universels sont explor\u00e9s. De la famille \u00e0 l&rsquo;amiti\u00e9, de l&rsquo;acceptation \u00e0 la d\u00e9couverte, ces sujets sont le reflet de nos exp\u00e9riences humaines partag\u00e9es. Cependant, leur traitement unique dans chaque univers offre aux auditeurs une chance inestimable de voir comment diff\u00e9rentes cultures, environnements et personnages per\u00e7oivent et r\u00e9agissent \u00e0 ces th\u00e8mes. C&rsquo;est un voyage dans la diversit\u00e9 des opinions, des sentiments et des r\u00e9actions.<\/p>\n<\/div>\n\n\n\n<div class=\"wp-block-buttons is-horizontal is-content-justification-left is-layout-flex wp-container-core-buttons-is-layout-7e5fce0a wp-block-buttons-is-layout-flex\">\n<div class=\"wp-block-button\"><a class=\"wp-block-button__link wp-element-button\">En savoir plus sur les Sujets&#8230;<\/a><\/div>\n<\/div>\n\n\n\n<div class=\"wp-block-group is-vertical is-layout-flex wp-container-core-group-is-layout-8cf370e7 wp-block-group-is-layout-flex\">\n<h2 class=\"wp-block-heading\">Notre Engagement<\/h2>\n\n\n\n<blockquote class=\"wp-block-quote is-layout-flow wp-block-quote-is-layout-flow\">\n<p><em><em><em>C\u00e9l\u00e9brer chaque voix, chaque r\u00e9cit, chaque nuance de notre monde interconnect\u00e9.<\/em><\/em><\/em><\/p>\n<\/blockquote>\n\n\n\n<p>Chez \u00ab\u00a0PetitesOndes\u00a0\u00bb, nous nous engageons \u00e0 offrir une plateforme o\u00f9 chaque voix compte, o\u00f9 chaque histoire est une pierre pr\u00e9cieuse ajout\u00e9e \u00e0 la mosa\u00efque de notre humanit\u00e9 collective. Nous croyons fermement qu&rsquo;en introduisant les enfants \u00e0 une vari\u00e9t\u00e9 d&rsquo;opinions, de croyances et de traditions d\u00e8s leur plus jeune \u00e2ge, nous jetons les bases d&rsquo;un monde plus compr\u00e9hensif, empathique et uni.<\/p>\n<\/div>\n\n\n\n<div class=\"wp-block-group is-vertical is-layout-flex wp-container-core-group-is-layout-8cf370e7 wp-block-group-is-layout-flex\">\n<h2 class=\"wp-block-heading\">Rejoignez notre aventure<\/h2>\n\n\n\n<blockquote class=\"wp-block-quote is-layout-flow wp-block-quote-is-layout-flow\">\n<p><em><em><em><em>L\u00e0 o\u00f9 chaque \u00e9coute fa\u00e7onne un esprit ouvert, curieux et respectueux.<\/em><\/em><\/em><\/em><\/p>\n<\/blockquote>\n\n\n\n<p>Nous vous invitons \u00e0 rejoindre ce voyage passionnant avec nous. Laissez \u00ab\u00a0PetitesOndes\u00a0\u00bb \u00eatre la fen\u00eatre par laquelle votre enfant d\u00e9couvre, apprend et grandit, b\u00e2tissant un avenir o\u00f9 la diversit\u00e9 est non seulement accept\u00e9e, mais c\u00e9l\u00e9br\u00e9e.<\/p>\n<\/div>\n\n\n\n<p><\/p>\n","protected":false},"excerpt":{"rendered":"<p>Plongez dans l&rsquo;Univers \u00ab\u00a0PetitesOndes\u00a0\u00bb \u00ab\u00a0L\u00e0 o\u00f9 l&rsquo;imaginaire des enfants rencontre la richesse infinie du monde.\u00a0\u00bb \u00c0 \u00ab\u00a0PetitesOndes\u00a0\u00bb, nous sommes convaincus que la diversit\u00e9 est le c\u0153ur battant de notre monde. Elle fa\u00e7onne non seulement nos cultures, traditions et histoires, mais aussi nos opinions, sentiments et fa\u00e7ons de voir le monde. Nous voulons que chaque enfant,&#8230;<\/p>\n","protected":false},"author":1,"featured_media":0,"parent":0,"menu_order":0,"comment_status":"closed","ping_status":"closed","template":"","meta":{"_kad_post_transparent":"","_kad_post_title":"","_kad_post_layout":"","_kad_post_sidebar_id":"","_kad_post_content_style":"","_kad_post_vertical_padding":"","_kad_post_feature":"","_kad_post_feature_position":"","_kad_post_header":false,"_kad_post_footer":false,"footnotes":""},"class_list":["post-78","page","type-page","status-publish","hentry"],"_links":{"self":[{"href":"https:\/\/petitesondes.fr\/index.php\/wp-json\/wp\/v2\/pages\/78","targetHints":{"allow":["GET"]}}],"collection":[{"href":"https:\/\/petitesondes.fr\/index.php\/wp-json\/wp\/v2\/pages"}],"about":[{"href":"https:\/\/petitesondes.fr\/index.php\/wp-json\/wp\/v2\/types\/page"}],"author":[{"embeddable":true,"href":"https:\/\/petitesondes.fr\/index.php\/wp-json\/wp\/v2\/users\/1"}],"replies":[{"embeddable":true,"href":"https:\/\/petitesondes.fr\/index.php\/wp-json\/wp\/v2\/comments?post=78"}],"version-history":[{"count":3,"href":"https:\/\/petitesondes.fr\/index.php\/wp-json\/wp\/v2\/pages\/78\/revisions"}],"predecessor-version":[{"id":83,"href":"https:\/\/petitesondes.fr\/index.php\/wp-json\/wp\/v2\/pages\/78\/revisions\/83"}],"wp:attachment":[{"href":"https:\/\/petitesondes.fr\/index.php\/wp-json\/wp\/v2\/media?parent=78"}],"curies":[{"name":"wp","href":"https:\/\/api.w.org\/{rel}","templated":true}]}}